{"id":47839,"date":"2023-07-06T09:15:34","date_gmt":"2023-07-06T09:15:34","guid":{"rendered":"http:\/\/sc3bogr0106.universe.wf\/privacy-policy\/"},"modified":"2023-11-27T09:29:01","modified_gmt":"2023-11-27T09:29:01","slug":"privacy-policy","status":"publish","type":"page","link":"https:\/\/www.l-lpromotion.com\/en\/privacy-policy\/","title":{"rendered":"Privacy policy"},"content":{"rendered":"\t\t<div data-elementor-type=\"wp-page\" data-elementor-id=\"47839\" class=\"elementor elementor-47839 elementor-3\" data-elementor-post-type=\"page\">\n\t\t\t\t\t\t<section class=\"elementor-section elementor-top-section elementor-element elementor-element-50cc4e5 elementor-section-content-middle elementor-reverse-tablet elementor-reverse-mobile elementor-section-full_width elementor-section-height-default elementor-section-height-default\" data-id=\"50cc4e5\" data-element_type=\"section\" data-e-type=\"section\" data-settings=\"{&quot;background_background&quot;:&quot;classic&quot;}\">\n\t\t\t\t\t\t\t<div class=\"elementor-background-overlay\"><\/div>\n\t\t\t\t\t\t\t<div class=\"elementor-container elementor-column-gap-default\">\n\t\t\t\t\t<div class=\"elementor-column elementor-col-100 elementor-top-column elementor-element elementor-element-dd2c46c\" data-id=\"dd2c46c\" data-element_type=\"column\" data-e-type=\"column\">\n\t\t\t<div class=\"elementor-widget-wrap elementor-element-populated\">\n\t\t\t\t\t\t<div class=\"elementor-element elementor-element-6a72f7c elementor-widget elementor-widget-heading\" data-id=\"6a72f7c\" data-element_type=\"widget\" data-e-type=\"widget\" data-widget_type=\"heading.default\">\n\t\t\t\t<div class=\"elementor-widget-container\">\n\t\t\t\t\t<h2 class=\"elementor-heading-title elementor-size-default\">LEGAL NOTICES<\/h2>\t\t\t\t<\/div>\n\t\t\t\t<\/div>\n\t\t\t\t<div class=\"elementor-element elementor-element-e16deca elementor-widget-divider--view-line elementor-widget elementor-widget-divider\" data-id=\"e16deca\" data-element_type=\"widget\" data-e-type=\"widget\" data-widget_type=\"divider.default\">\n\t\t\t\t<div class=\"elementor-widget-container\">\n\t\t\t\t\t\t\t<div class=\"elementor-divider\">\n\t\t\t<span class=\"elementor-divider-separator\">\n\t\t\t\t\t\t<\/span>\n\t\t<\/div>\n\t\t\t\t\t\t<\/div>\n\t\t\t\t<\/div>\n\t\t\t\t\t<\/div>\n\t\t<\/div>\n\t\t\t\t\t<\/div>\n\t\t<\/section>\n\t\t\t\t<section class=\"elementor-section elementor-top-section elementor-element elementor-element-ff1e9a4 elementor-section-boxed elementor-section-height-default elementor-section-height-default\" data-id=\"ff1e9a4\" data-element_type=\"section\" data-e-type=\"section\">\n\t\t\t\t\t\t<div class=\"elementor-container elementor-column-gap-default\">\n\t\t\t\t\t<div class=\"elementor-column elementor-col-100 elementor-top-column elementor-element elementor-element-03bd9d8\" data-id=\"03bd9d8\" data-element_type=\"column\" data-e-type=\"column\">\n\t\t\t<div class=\"elementor-widget-wrap\">\n\t\t\t\t\t\t\t<\/div>\n\t\t<\/div>\n\t\t\t\t\t<\/div>\n\t\t<\/section>\n\t\t\t\t<section class=\"elementor-section elementor-top-section elementor-element elementor-element-600c3da4 elementor-section-boxed elementor-section-height-default elementor-section-height-default\" data-id=\"600c3da4\" data-element_type=\"section\" data-e-type=\"section\">\n\t\t\t\t\t\t<div class=\"elementor-container elementor-column-gap-default\">\n\t\t\t\t\t<div class=\"elementor-column elementor-col-100 elementor-top-column elementor-element elementor-element-780f22b6\" data-id=\"780f22b6\" data-element_type=\"column\" data-e-type=\"column\">\n\t\t\t<div class=\"elementor-widget-wrap elementor-element-populated\">\n\t\t\t\t\t\t<div class=\"elementor-element elementor-element-184f86a6 elementor-widget elementor-widget-text-editor\" data-id=\"184f86a6\" data-element_type=\"widget\" data-e-type=\"widget\" data-widget_type=\"text-editor.default\">\n\t\t\t\t<div class=\"elementor-widget-container\">\n\t\t\t\t\t\t\t\t\t\n<h2 class=\"wp-block-heading\">Who are we? <\/h2>\n\n\n\n<p class=\"has-ast-global-color-1-color has-text-color\">The website address is <a href=\"https:\/\/www.l-lpromotion.com\/\">https:\/\/www.l-lpromotion.com\/<\/a><\/p>\n\n\n\n<h2 class=\"wp-block-heading\">COMMENTS<\/h2>\n\n\n\n<p>When you leave a comment on our site, the data entered in the comment form, as well as your IP address and your browser&#8217;s user agent, are collected to help us detect undesirable comments.<\/p>\n\n\n\n<p>An anonymised string created from your e-mail address (also known as a hash) can be sent to the Gravatar service to check that you are using it. The Gravatar confidentiality clauses are available here &nbsp; https:\/\/automattic.com\/privacy\/. Once your comment has been validated, your profile photo will be publicly visible next to your comment.<\/p>\n\n\n\n<h2 class=\"wp-block-heading\">MEDIAS<\/h2>\n\n\n\n<p>If you upload images to the site, we advise you to avoid uploading images containing EXIF data of GPS coordinates. People visiting your site can download and extract location data from these images.<\/p>\n\n\n\n<h2 class=\"wp-block-heading\">COOKIES<\/h2>\n\n\n\n<p>If you leave a comment on our site, you will be asked to save your name, e-mail address and site in cookies. This is for your convenience only, so that you don&#8217;t have to enter this information if you post another comment later. These cookies expire after one year.<\/p>\n\n\n\n<p>If you go to the login page, a temporary cookie will be created to determine whether your browser accepts cookies. Il ne contient pas de donn\u00e9es personnelles et sera supprim\u00e9 automatiquement \u00e0 la fermeture de votre navigateur.<\/p>\n\n\n\n<p>When you log in, we will set a number of cookies to record your login details and screen preferences. The lifespan of a connection cookie is two days, that of a screen option cookie is one year. If you tick &nbsp; Remember me &nbsp;, your connection cookie will be stored for a fortnight. If you log out of your account, the connection cookie will be deleted.<\/p>\n\n\n\n<p>By modifying or publishing a publication, an additional cookie will be stored in your browser. This cookie does not contain any personal data. It simply indicates the ID of the publication you have just modified. It expires after one day.<\/p>\n\n\n\n<h2 class=\"wp-block-heading\">EMBEDDED CONTENT FROM OTHER SITES<\/h2>\n\n\n\n<p>Articles on this site may include embedded content (e.g. videos, images, articles, etc.). Content integrated from other sites behaves in the same way as if the visitor were visiting that other site.<\/p>\n\n\n\n<p>These websites may collect data about you, use cookies, embed third-party tracking tools and track your interactions with this embedded content if you have an account connected to their website.<\/p>\n\n\n\n<h2 class=\"wp-block-heading\">USE AND TRANSMISSION OF YOUR PERSONAL DATA<\/h2>\n\n\n\n<p>If you request a password reset, your IP address will be included in the reset e-mail.<\/p>\n\n\n\n<h2 class=\"wp-block-heading\">HOW LONG YOUR DATA IS STORED<\/h2>\n\n\n\n<p>If you leave a comment, the comment and its metadata are kept indefinitely. This allows subsequent comments to be automatically recognised and approved instead of being left in the moderation queue.<\/p>\n\n\n\n<p>For accounts that register on our site (where applicable), we also store the personal data indicated in their profile. All accounts can view, modify or delete their personal information at any time (with the exception of their login). Site managers can also view and modify this information.<\/p>\n\n\n\n<h2 class=\"wp-block-heading\">THE RIGHTS YOU HAVE OVER YOUR DATA<\/h2>\n\n\n\n<p><strong><\/strong>If you have an account or if you have left comments on the site, you may request to receive a file containing all the personal data we hold about you, including that which you have provided to us. You can also ask for your personal data to be deleted. This does not include data stored for administrative, legal or security purposes.a<\/p>\n\n\n\n<h2 class=\"wp-block-heading\">WHERE YOUR DATA IS SENT<\/h2>\n\n\n\n<p>Visitor comments can be checked using an automated service to detect undesirable comments.<\/p>\n\t\t\t\t\t\t\t\t<\/div>\n\t\t\t\t<\/div>\n\t\t\t\t\t<\/div>\n\t\t<\/div>\n\t\t\t\t\t<\/div>\n\t\t<\/section>\n\t\t\t\t<\/div>\n\t\t","protected":false},"excerpt":{"rendered":"<p>LEGAL NOTICES Who are we? The website address is https:\/\/www.l-lpromotion.com\/ COMMENTS When you leave a comment on our site, the data entered in the comment form, as well as your IP address and your browser&#8217;s user agent, are collected to help us detect undesirable comments. An anonymised string created from your e-mail address (also known [&hellip;]<\/p>\n","protected":false},"author":5,"featured_media":0,"parent":0,"menu_order":0,"comment_status":"closed","ping_status":"open","template":"","meta":{"_acf_changed":false,"site-sidebar-layout":"default","site-content-layout":"page-builder","ast-site-content-layout":"default","site-content-style":"default","site-sidebar-style":"default","ast-global-header-display":"","ast-banner-title-visibility":"","ast-main-header-display":"","ast-hfb-above-header-display":"","ast-hfb-below-header-display":"","ast-hfb-mobile-header-display":"","site-post-title":"disabled","ast-breadcrumbs-content":"","ast-featured-img":"","footer-sml-layout":"","ast-disable-related-posts":"","theme-transparent-header-meta":"enabled","adv-header-id-meta":"","stick-header-meta":"","header-above-stick-meta":"","header-main-stick-meta":"","header-below-stick-meta":"","astra-migrate-meta-layouts":"default","ast-page-background-enabled":"default","ast-page-background-meta":{"desktop":{"background-color":"","background-image":"","background-repeat":"repeat","background-position":"center center","background-size":"auto","background-attachment":"scroll","background-type":"","background-media":"","overlay-type":"","overlay-color":"","overlay-opacity":"","overlay-gradient":""},"tablet":{"background-color":"","background-image":"","background-repeat":"repeat","background-position":"center center","background-size":"auto","background-attachment":"scroll","background-type":"","background-media":"","overlay-type":"","overlay-color":"","overlay-opacity":"","overlay-gradient":""},"mobile":{"background-color":"","background-image":"","background-repeat":"repeat","background-position":"center center","background-size":"auto","background-attachment":"scroll","background-type":"","background-media":"","overlay-type":"","overlay-color":"","overlay-opacity":"","overlay-gradient":""}},"ast-content-background-meta":{"desktop":{"background-color":"var(--ast-global-color-5)","background-image":"","background-repeat":"repeat","background-position":"center center","background-size":"auto","background-attachment":"scroll","background-type":"","background-media":"","overlay-type":"","overlay-color":"","overlay-opacity":"","overlay-gradient":""},"tablet":{"background-color":"var(--ast-global-color-5)","background-image":"","background-repeat":"repeat","background-position":"center center","background-size":"auto","background-attachment":"scroll","background-type":"","background-media":"","overlay-type":"","overlay-color":"","overlay-opacity":"","overlay-gradient":""},"mobile":{"background-color":"var(--ast-global-color-5)","background-image":"","background-repeat":"repeat","background-position":"center center","background-size":"auto","background-attachment":"scroll","background-type":"","background-media":"","overlay-type":"","overlay-color":"","overlay-opacity":"","overlay-gradient":""}},"footnotes":""},"class_list":["post-47839","page","type-page","status-publish","hentry"],"acf":[],"yoast_head":"<!-- This site is optimized with the Yoast SEO plugin v27.5 - https:\/\/yoast.com\/product\/yoast-seo-wordpress\/ -->\n<title>Privacy policy - L&amp;L Promotion<\/title>\n<meta name=\"robots\" content=\"index, follow, max-snippet:-1, max-image-preview:large, max-video-preview:-1\" \/>\n<link rel=\"canonical\" href=\"https:\/\/www.l-lpromotion.com\/en\/privacy-policy\/\" \/>\n<meta property=\"og:locale\" content=\"en_US\" \/>\n<meta property=\"og:type\" content=\"article\" \/>\n<meta property=\"og:title\" content=\"Privacy policy - L&amp;L Promotion\" \/>\n<meta property=\"og:description\" content=\"LEGAL NOTICES Who are we? The website address is https:\/\/www.l-lpromotion.com\/ COMMENTS When you leave a comment on our site, the data entered in the comment form, as well as your IP address and your browser&#8217;s user agent, are collected to help us detect undesirable comments. An anonymised string created from your e-mail address (also known [&hellip;]\" \/>\n<meta property=\"og:url\" content=\"https:\/\/www.l-lpromotion.com\/en\/privacy-policy\/\" \/>\n<meta property=\"og:site_name\" content=\"L&amp;L Promotion\" \/>\n<meta property=\"article:publisher\" content=\"https:\/\/www.facebook.com\/profile.php?id=100038111032977\" \/>\n<meta property=\"article:modified_time\" content=\"2023-11-27T09:29:01+00:00\" \/>\n<meta property=\"og:image\" content=\"https:\/\/www.l-lpromotion.com\/wp-content\/uploads\/2023\/08\/logo-LL.jpg\" \/>\n\t<meta property=\"og:image:width\" content=\"1469\" \/>\n\t<meta property=\"og:image:height\" content=\"1469\" \/>\n\t<meta property=\"og:image:type\" content=\"image\/jpeg\" \/>\n<meta name=\"twitter:card\" content=\"summary_large_image\" \/>\n<meta name=\"twitter:label1\" content=\"Est. reading time\" \/>\n\t<meta name=\"twitter:data1\" content=\"3 minutes\" \/>\n<script type=\"application\/ld+json\" class=\"yoast-schema-graph\">{\"@context\":\"https:\\\/\\\/schema.org\",\"@graph\":[{\"@type\":\"WebPage\",\"@id\":\"https:\\\/\\\/www.l-lpromotion.com\\\/en\\\/privacy-policy\\\/\",\"url\":\"https:\\\/\\\/www.l-lpromotion.com\\\/en\\\/privacy-policy\\\/\",\"name\":\"Privacy policy - L&amp;L Promotion\",\"isPartOf\":{\"@id\":\"https:\\\/\\\/www.l-lpromotion.com\\\/en\\\/#website\"},\"datePublished\":\"2023-07-06T09:15:34+00:00\",\"dateModified\":\"2023-11-27T09:29:01+00:00\",\"breadcrumb\":{\"@id\":\"https:\\\/\\\/www.l-lpromotion.com\\\/en\\\/privacy-policy\\\/#breadcrumb\"},\"inLanguage\":\"en-US\",\"potentialAction\":[{\"@type\":\"ReadAction\",\"target\":[\"https:\\\/\\\/www.l-lpromotion.com\\\/en\\\/privacy-policy\\\/\"]}]},{\"@type\":\"BreadcrumbList\",\"@id\":\"https:\\\/\\\/www.l-lpromotion.com\\\/en\\\/privacy-policy\\\/#breadcrumb\",\"itemListElement\":[{\"@type\":\"ListItem\",\"position\":1,\"name\":\"Accueil\",\"item\":\"https:\\\/\\\/www.l-lpromotion.com\\\/en\\\/\"},{\"@type\":\"ListItem\",\"position\":2,\"name\":\"Privacy policy\"}]},{\"@type\":\"WebSite\",\"@id\":\"https:\\\/\\\/www.l-lpromotion.com\\\/en\\\/#website\",\"url\":\"https:\\\/\\\/www.l-lpromotion.com\\\/en\\\/\",\"name\":\"L et L Promotion\",\"description\":\"My WordPress Blog\",\"publisher\":{\"@id\":\"https:\\\/\\\/www.l-lpromotion.com\\\/en\\\/#organization\"},\"potentialAction\":[{\"@type\":\"SearchAction\",\"target\":{\"@type\":\"EntryPoint\",\"urlTemplate\":\"https:\\\/\\\/www.l-lpromotion.com\\\/en\\\/?s={search_term_string}\"},\"query-input\":{\"@type\":\"PropertyValueSpecification\",\"valueRequired\":true,\"valueName\":\"search_term_string\"}}],\"inLanguage\":\"en-US\"},{\"@type\":\"Organization\",\"@id\":\"https:\\\/\\\/www.l-lpromotion.com\\\/en\\\/#organization\",\"name\":\"L et L Promotion\",\"url\":\"https:\\\/\\\/www.l-lpromotion.com\\\/en\\\/\",\"logo\":{\"@type\":\"ImageObject\",\"inLanguage\":\"en-US\",\"@id\":\"https:\\\/\\\/www.l-lpromotion.com\\\/en\\\/#\\\/schema\\\/logo\\\/image\\\/\",\"url\":\"https:\\\/\\\/www.l-lpromotion.com\\\/wp-content\\\/uploads\\\/2023\\\/07\\\/cropped-telechargement-4.jpg\",\"contentUrl\":\"https:\\\/\\\/www.l-lpromotion.com\\\/wp-content\\\/uploads\\\/2023\\\/07\\\/cropped-telechargement-4.jpg\",\"width\":512,\"height\":512,\"caption\":\"L et L Promotion\"},\"image\":{\"@id\":\"https:\\\/\\\/www.l-lpromotion.com\\\/en\\\/#\\\/schema\\\/logo\\\/image\\\/\"},\"sameAs\":[\"https:\\\/\\\/www.facebook.com\\\/profile.php?id=100038111032977\"]}]}<\/script>\n<!-- \/ Yoast SEO plugin. -->","yoast_head_json":{"title":"Privacy policy - L&amp;L Promotion","robots":{"index":"index","follow":"follow","max-snippet":"max-snippet:-1","max-image-preview":"max-image-preview:large","max-video-preview":"max-video-preview:-1"},"canonical":"https:\/\/www.l-lpromotion.com\/en\/privacy-policy\/","og_locale":"en_US","og_type":"article","og_title":"Privacy policy - L&amp;L Promotion","og_description":"LEGAL NOTICES Who are we? The website address is https:\/\/www.l-lpromotion.com\/ COMMENTS When you leave a comment on our site, the data entered in the comment form, as well as your IP address and your browser&#8217;s user agent, are collected to help us detect undesirable comments. An anonymised string created from your e-mail address (also known [&hellip;]","og_url":"https:\/\/www.l-lpromotion.com\/en\/privacy-policy\/","og_site_name":"L&amp;L Promotion","article_publisher":"https:\/\/www.facebook.com\/profile.php?id=100038111032977","article_modified_time":"2023-11-27T09:29:01+00:00","og_image":[{"width":1469,"height":1469,"url":"https:\/\/www.l-lpromotion.com\/wp-content\/uploads\/2023\/08\/logo-LL.jpg","type":"image\/jpeg"}],"twitter_card":"summary_large_image","twitter_misc":{"Est. reading time":"3 minutes"},"schema":{"@context":"https:\/\/schema.org","@graph":[{"@type":"WebPage","@id":"https:\/\/www.l-lpromotion.com\/en\/privacy-policy\/","url":"https:\/\/www.l-lpromotion.com\/en\/privacy-policy\/","name":"Privacy policy - L&amp;L Promotion","isPartOf":{"@id":"https:\/\/www.l-lpromotion.com\/en\/#website"},"datePublished":"2023-07-06T09:15:34+00:00","dateModified":"2023-11-27T09:29:01+00:00","breadcrumb":{"@id":"https:\/\/www.l-lpromotion.com\/en\/privacy-policy\/#breadcrumb"},"inLanguage":"en-US","potentialAction":[{"@type":"ReadAction","target":["https:\/\/www.l-lpromotion.com\/en\/privacy-policy\/"]}]},{"@type":"BreadcrumbList","@id":"https:\/\/www.l-lpromotion.com\/en\/privacy-policy\/#breadcrumb","itemListElement":[{"@type":"ListItem","position":1,"name":"Accueil","item":"https:\/\/www.l-lpromotion.com\/en\/"},{"@type":"ListItem","position":2,"name":"Privacy policy"}]},{"@type":"WebSite","@id":"https:\/\/www.l-lpromotion.com\/en\/#website","url":"https:\/\/www.l-lpromotion.com\/en\/","name":"L et L Promotion","description":"My WordPress Blog","publisher":{"@id":"https:\/\/www.l-lpromotion.com\/en\/#organization"},"potentialAction":[{"@type":"SearchAction","target":{"@type":"EntryPoint","urlTemplate":"https:\/\/www.l-lpromotion.com\/en\/?s={search_term_string}"},"query-input":{"@type":"PropertyValueSpecification","valueRequired":true,"valueName":"search_term_string"}}],"inLanguage":"en-US"},{"@type":"Organization","@id":"https:\/\/www.l-lpromotion.com\/en\/#organization","name":"L et L Promotion","url":"https:\/\/www.l-lpromotion.com\/en\/","logo":{"@type":"ImageObject","inLanguage":"en-US","@id":"https:\/\/www.l-lpromotion.com\/en\/#\/schema\/logo\/image\/","url":"https:\/\/www.l-lpromotion.com\/wp-content\/uploads\/2023\/07\/cropped-telechargement-4.jpg","contentUrl":"https:\/\/www.l-lpromotion.com\/wp-content\/uploads\/2023\/07\/cropped-telechargement-4.jpg","width":512,"height":512,"caption":"L et L Promotion"},"image":{"@id":"https:\/\/www.l-lpromotion.com\/en\/#\/schema\/logo\/image\/"},"sameAs":["https:\/\/www.facebook.com\/profile.php?id=100038111032977"]}]}},"_links":{"self":[{"href":"https:\/\/www.l-lpromotion.com\/en\/wp-json\/wp\/v2\/pages\/47839","targetHints":{"allow":["GET"]}}],"collection":[{"href":"https:\/\/www.l-lpromotion.com\/en\/wp-json\/wp\/v2\/pages"}],"about":[{"href":"https:\/\/www.l-lpromotion.com\/en\/wp-json\/wp\/v2\/types\/page"}],"author":[{"embeddable":true,"href":"https:\/\/www.l-lpromotion.com\/en\/wp-json\/wp\/v2\/users\/5"}],"replies":[{"embeddable":true,"href":"https:\/\/www.l-lpromotion.com\/en\/wp-json\/wp\/v2\/comments?post=47839"}],"version-history":[{"count":1,"href":"https:\/\/www.l-lpromotion.com\/en\/wp-json\/wp\/v2\/pages\/47839\/revisions"}],"predecessor-version":[{"id":47840,"href":"https:\/\/www.l-lpromotion.com\/en\/wp-json\/wp\/v2\/pages\/47839\/revisions\/47840"}],"wp:attachment":[{"href":"https:\/\/www.l-lpromotion.com\/en\/wp-json\/wp\/v2\/media?parent=47839"}],"curies":[{"name":"wp","href":"https:\/\/api.w.org\/{rel}","templated":true}]}}