{"id":544,"date":"2023-08-09T10:11:28","date_gmt":"2023-08-09T10:11:28","guid":{"rendered":"http:\/\/sc3bogr0106.universe.wf\/?page_id=544"},"modified":"2024-03-27T16:05:11","modified_gmt":"2024-03-27T16:05:11","slug":"ll-promotion-mentions","status":"publish","type":"page","link":"https:\/\/www.l-lpromotion.com\/fr\/ll-promotion-mentions\/","title":{"rendered":"Mentions l\u00e9gales"},"content":{"rendered":"\t\t<div data-elementor-type=\"wp-post\" data-elementor-id=\"544\" class=\"elementor elementor-544\" data-elementor-post-type=\"page\">\n\t\t\t\t\t\t<section class=\"elementor-section elementor-top-section elementor-element elementor-element-945ba98 elementor-section-content-middle elementor-reverse-tablet elementor-reverse-mobile elementor-section-boxed elementor-section-height-default elementor-section-height-default\" data-id=\"945ba98\" data-element_type=\"section\" data-e-type=\"section\" data-settings=\"{&quot;background_background&quot;:&quot;classic&quot;}\">\n\t\t\t\t\t\t\t<div class=\"elementor-background-overlay\"><\/div>\n\t\t\t\t\t\t\t<div class=\"elementor-container elementor-column-gap-no\">\n\t\t\t\t\t<div class=\"elementor-column elementor-col-100 elementor-top-column elementor-element elementor-element-062db5c\" data-id=\"062db5c\" data-element_type=\"column\" data-e-type=\"column\">\n\t\t\t<div class=\"elementor-widget-wrap elementor-element-populated\">\n\t\t\t\t\t\t<div class=\"elementor-element elementor-element-8a70a1a elementor-widget elementor-widget-heading\" data-id=\"8a70a1a\" data-element_type=\"widget\" data-e-type=\"widget\" data-widget_type=\"heading.default\">\n\t\t\t\t<div class=\"elementor-widget-container\">\n\t\t\t\t\t<h2 class=\"elementor-heading-title elementor-size-default\">MENTIONS L\u00c9GALES<\/h2>\t\t\t\t<\/div>\n\t\t\t\t<\/div>\n\t\t\t\t<div class=\"elementor-element elementor-element-49c3cd3 elementor-widget-divider--view-line elementor-widget elementor-widget-divider\" data-id=\"49c3cd3\" data-element_type=\"widget\" data-e-type=\"widget\" data-widget_type=\"divider.default\">\n\t\t\t\t<div class=\"elementor-widget-container\">\n\t\t\t\t\t\t\t<div class=\"elementor-divider\">\n\t\t\t<span class=\"elementor-divider-separator\">\n\t\t\t\t\t\t<\/span>\n\t\t<\/div>\n\t\t\t\t\t\t<\/div>\n\t\t\t\t<\/div>\n\t\t\t\t\t<\/div>\n\t\t<\/div>\n\t\t\t\t\t<\/div>\n\t\t<\/section>\n\t\t\t\t<section class=\"elementor-section elementor-top-section elementor-element elementor-element-dfbb738 elementor-section-content-top elementor-section-boxed elementor-section-height-default elementor-section-height-default\" data-id=\"dfbb738\" data-element_type=\"section\" data-e-type=\"section\" data-settings=\"{&quot;background_background&quot;:&quot;classic&quot;}\">\n\t\t\t\t\t\t\t<div class=\"elementor-background-overlay\"><\/div>\n\t\t\t\t\t\t\t<div class=\"elementor-container elementor-column-gap-no\">\n\t\t\t\t\t<div class=\"elementor-column elementor-col-100 elementor-top-column elementor-element elementor-element-a00996a\" data-id=\"a00996a\" data-element_type=\"column\" data-e-type=\"column\">\n\t\t\t<div class=\"elementor-widget-wrap elementor-element-populated\">\n\t\t\t\t\t\t<section class=\"elementor-section elementor-inner-section elementor-element elementor-element-90956de elementor-section-content-top elementor-section-boxed elementor-section-height-default elementor-section-height-default\" data-id=\"90956de\" data-element_type=\"section\" data-e-type=\"section\">\n\t\t\t\t\t\t<div class=\"elementor-container elementor-column-gap-no\">\n\t\t\t\t\t<div class=\"elementor-column elementor-col-100 elementor-inner-column elementor-element elementor-element-75e1b0e\" data-id=\"75e1b0e\" data-element_type=\"column\" data-e-type=\"column\">\n\t\t\t<div class=\"elementor-widget-wrap elementor-element-populated\">\n\t\t\t\t\t\t<div class=\"elementor-element elementor-element-2814e90 elementor-widget elementor-widget-text-editor\" data-id=\"2814e90\" data-element_type=\"widget\" data-e-type=\"widget\" data-widget_type=\"text-editor.default\">\n\t\t\t\t<div class=\"elementor-widget-container\">\n\t\t\t\t\t\t\t\t\t<p>Les mentions l\u00e9gales peuvent \u00eatre amen\u00e9es \u00e0 \u00e9voluer sans autre notification que leur mise en ligne.<\/p>\t\t\t\t\t\t\t\t<\/div>\n\t\t\t\t<\/div>\n\t\t\t\t<div class=\"elementor-element elementor-element-06195a9 elementor-widget elementor-widget-text-editor\" data-id=\"06195a9\" data-element_type=\"widget\" data-e-type=\"widget\" data-widget_type=\"text-editor.default\">\n\t\t\t\t<div class=\"elementor-widget-container\">\n\t\t\t\t\t\t\t\t\t<h2><span style=\"color: #000000;\">1 &#8211; Editeur<\/span><\/h2><p><span style=\"color: #000000;\">Le site https:\/\/www.l-lpromotion.com\/ est g\u00e9r\u00e9 par les parties suivantes :<\/span><\/p><ul><li><span style=\"color: #000000;\"><strong>Soci\u00e9t\u00e9 :\u00a0<\/strong>L&amp;L Promotion SAS<\/span><\/li><li><span style=\"color: #000000;\"><strong>N\u00b0 SIRET :\u00a0<\/strong>790 030 753<\/span><\/li><li><span style=\"color: #000000;\"><strong>Responsable de Publication :\u00a0<\/strong>Nicolas Lucchhetta<\/span><\/li><li><span style=\"color: #000000;\"><strong>Conception &amp; D\u00e9veloppement :\u00a0<\/strong><\/span><a href=\"https:\/\/e-perspectives.com\/\"><span style=\"text-decoration: underline; color: #000000;\">Agence web e-perspectives<\/span><\/a><\/li><li><span style=\"color: #000000;\"><strong>H\u00e9bergement :\u00a0<\/strong>OVH SARL, 140 quai du Sartel &#8211; 59100 Roubaix \u2013 France<\/span><\/li><\/ul><p><span style=\"color: #000000;\">Les programmes pr\u00e9sent\u00e9s sur ce site sont commercialis\u00e9s par notre filiale L&amp;L IMMOBILIER, SAS au capital de 5.000 \u20ac, immatricul\u00e9e au RCS de Annecy n\u00b0881 723 423, domicili\u00e9e 117 rue de Verdun \u00e0 Sallanches 74700, titulaire de la\u00a0<strong>carte professionnelle n\u00b0 CPI 7401 2020 000 044 712<\/strong><\/span><\/p><h2><span style=\"color: #000000;\">2 &#8211; Limitation contractuelle des donn\u00e9es<\/span><\/h2><p><span style=\"color: #000000;\">Les informations contenues sur ce site sont aussi pr\u00e9cises que possible et le site remis \u00e0 jour \u00e0 diff\u00e9rentes p\u00e9riodes de l\u2019ann\u00e9e, mais peut toutefois contenir des inexactitudes ou des omissions. Si vous constatez une lacune, erreur ou ce qui parait \u00eatre un dysfonctionnement, merci de bien vouloir le signaler par email, \u00e0 l\u2019adresse contact@l-lpromotion.com, en d\u00e9crivant le probl\u00e8me de la mani\u00e8re la plus pr\u00e9cise possible (page posant probl\u00e8me, type d\u2019ordinateur et de navigateur utilis\u00e9, \u2026).<\/span><\/p><p><span style=\"color: #000000;\">Tout contenu t\u00e9l\u00e9charg\u00e9 se fait aux risques et p\u00e9rils de l&rsquo;utilisateur et sous sa seule responsabilit\u00e9.<\/span><br \/><span style=\"color: #000000;\">En cons\u00e9quence, ne saurait \u00eatre tenu responsable d&rsquo;un quelconque dommage subi par l&rsquo;ordinateur de l&rsquo;utilisateur ou d&rsquo;une quelconque perte de donn\u00e9es cons\u00e9cutives au t\u00e9l\u00e9chargement.<\/span><\/p><p><span style=\"color: #000000;\">Les liens hypertextes mis en place dans le cadre du pr\u00e9sent site internet en direction d&rsquo;autres ressources pr\u00e9sentes sur le r\u00e9seau Internet ne sauraient engager la responsabilit\u00e9 de L&amp;L Promotion.<\/span><\/p><h2><span style=\"color: #000000;\">3 &#8211; Propri\u00e9t\u00e9 intellectuelle<\/span><\/h2><p><span style=\"color: #000000;\">Tout le contenu du pr\u00e9sent sur le site https:\/\/www.l-lpromotion.com\/, incluant, de fa\u00e7on non limitative, les graphismes, images, textes, vid\u00e9os, animations, sons, logos, gifs et ic\u00f4nes ainsi que leur mise en forme sont la propri\u00e9t\u00e9 exclusive de la soci\u00e9t\u00e9 \u00e0 l&rsquo;exception des marques, logos ou contenus appartenant \u00e0 d&rsquo;autres soci\u00e9t\u00e9s partenaires ou auteurs.<\/span><br \/><span style=\"color: #000000;\">Toute reproduction, distribution, modification, adaptation, retransmission ou publication, m\u00eame partielle, de ces diff\u00e9rents \u00e9l\u00e9ments est strictement interdite sans l&rsquo;accord expr\u00e8s par \u00e9crit de la soci\u00e9t\u00e9 L&amp;L PROMOTION.<\/span><br \/><span style=\"color: #000000;\">Cette repr\u00e9sentation ou reproduction, par quelque proc\u00e9d\u00e9 que ce soit, constitue une contrefa\u00e7on sanctionn\u00e9e par les articles L.335-2 et suivants du Code de la propri\u00e9t\u00e9 intellectuelle. Le non-respect de cette interdiction constitue une contrefa\u00e7on pouvant engager la responsabilit\u00e9 civile et p\u00e9nale du contrefacteur. En outre, les propri\u00e9taires des Contenus copi\u00e9s pourraient intenter une action en justice \u00e0 votre encontre.<\/span><\/p><h2><span style=\"color: #000000;\">3 &#8211; Protection des donn\u00e9es \u00e0 caract\u00e8re personnel<\/span><\/h2><p><span style=\"color: #000000;\">le site l-l promotion, en qualit\u00e9 de responsable de traitement, r\u00e9pond \u00e0 ses obligations de mise en conformit\u00e9 au regard du le R\u00e8glement (UE) 2016\/679 du 27 avril 2016 relatif \u00e0 la protection des personnes physiques \u00e0 l\u2019\u00e9gard du traitement des donn\u00e9es \u00e0 caract\u00e8re personnel et \u00e0 la libre circulation des donn\u00e9es (RGPD) et de la Loi modifi\u00e9e n\u00b078-17 du 6 janvier 1978 relative \u00e0 l\u2019informatique, aux fichiers et aux libert\u00e9s.<\/span><\/p><h2><span style=\"color: #000000;\">4 &#8211; Collecte des donn\u00e9es<\/span><\/h2><p><span style=\"color: #000000;\">Les informations collect\u00e9es aupr\u00e8s de vous \u00e0 l\u2019occasion de votre visite sur ce site nous permettent de mieux vous conna\u00eetre et de r\u00e9pondre au mieux \u00e0 vos attentes.<\/span><br \/><span style=\"color: #000000;\">Les informations nominatives recueillies par le biais de la messagerie \u00e9lectronique sont destin\u00e9es qu site l-l promotion uniquement et ne seront utilis\u00e9es que dans le cadre stricte du formulaire de contact ou de renseignement d&rsquo;un bien immobilier.<\/span><br \/><span style=\"color: #000000;\">Elles ne feront l\u2019objet de communications ext\u00e9rieures que pour les seules n\u00e9cessit\u00e9s de la gestion ou pour satisfaire aux obligations l\u00e9gales et r\u00e9glementaires.<\/span><\/p><h2><span style=\"color: #000000;\">5 &#8211; Droit d&rsquo;acc\u00e8s, de rectification et d&rsquo;opposition<\/span><\/h2><p><span style=\"color: #000000;\">Vous disposez d\u2019un droit d\u2019acc\u00e8s, de rectification, de mise \u00e0 jour et de suppression des donn\u00e9es qui vous concernent.<\/span><br \/><span style=\"color: #000000;\">Vous pouvez exercer ce droit en adressant un courrier postal \u00e0 :<\/span><\/p><ul><li><span style=\"color: #000000;\">Soci\u00e9t\u00e9 L-L Promotion<\/span><\/li><li><span style=\"color: #000000;\">117 rue de Verdun<\/span><\/li><li><span style=\"color: #000000;\">74700 Sallanches<\/span><\/li><li>par mail : contact@l-lpromotion.com<\/li><\/ul>\t\t\t\t\t\t\t\t<\/div>\n\t\t\t\t<\/div>\n\t\t\t\t\t<\/div>\n\t\t<\/div>\n\t\t\t\t\t<\/div>\n\t\t<\/section>\n\t\t\t\t\t<\/div>\n\t\t<\/div>\n\t\t\t\t\t<\/div>\n\t\t<\/section>\n\t\t\t\t<\/div>\n\t\t","protected":false},"excerpt":{"rendered":"<p>MENTIONS L\u00c9GALES Les mentions l\u00e9gales peuvent \u00eatre amen\u00e9es \u00e0 \u00e9voluer sans autre notification que leur mise en ligne. 1 &#8211; Editeur Le site https:\/\/www.l-lpromotion.com\/ est g\u00e9r\u00e9 par les parties suivantes : Soci\u00e9t\u00e9 :\u00a0L&amp;L Promotion SAS N\u00b0 SIRET :\u00a0790 030 753 Responsable de Publication :\u00a0Nicolas Lucchhetta Conception &amp; D\u00e9veloppement :\u00a0Agence web e-perspectives H\u00e9bergement :\u00a0OVH SARL, 140 [&hellip;]<\/p>\n","protected":false},"author":5,"featured_media":0,"parent":0,"menu_order":0,"comment_status":"closed","ping_status":"closed","template":"","meta":{"_acf_changed":false,"site-sidebar-layout":"no-sidebar","site-content-layout":"page-builder","ast-site-content-layout":"default","site-content-style":"default","site-sidebar-style":"default","ast-global-header-display":"","ast-banner-title-visibility":"","ast-main-header-display":"","ast-hfb-above-header-display":"","ast-hfb-below-header-display":"","ast-hfb-mobile-header-display":"","site-post-title":"disabled","ast-breadcrumbs-content":"disabled","ast-featured-img":"disabled","footer-sml-layout":"","ast-disable-related-posts":"","theme-transparent-header-meta":"enabled","adv-header-id-meta":"","stick-header-meta":"","header-above-stick-meta":"","header-main-stick-meta":"","header-below-stick-meta":"","astra-migrate-meta-layouts":"default","ast-page-background-enabled":"default","ast-page-background-meta":{"desktop":{"background-color":"","background-image":"","background-repeat":"repeat","background-position":"center center","background-size":"auto","background-attachment":"scroll","background-type":"","background-media":"","overlay-type":"","overlay-color":"","overlay-opacity":"","overlay-gradient":""},"tablet":{"background-color":"","background-image":"","background-repeat":"repeat","background-position":"center center","background-size":"auto","background-attachment":"scroll","background-type":"","background-media":"","overlay-type":"","overlay-color":"","overlay-opacity":"","overlay-gradient":""},"mobile":{"background-color":"","background-image":"","background-repeat":"repeat","background-position":"center center","background-size":"auto","background-attachment":"scroll","background-type":"","background-media":"","overlay-type":"","overlay-color":"","overlay-opacity":"","overlay-gradient":""}},"ast-content-background-meta":{"desktop":{"background-color":"var(--ast-global-color-5)","background-image":"","background-repeat":"repeat","background-position":"center center","background-size":"auto","background-attachment":"scroll","background-type":"","background-media":"","overlay-type":"","overlay-color":"","overlay-opacity":"","overlay-gradient":""},"tablet":{"background-color":"var(--ast-global-color-5)","background-image":"","background-repeat":"repeat","background-position":"center center","background-size":"auto","background-attachment":"scroll","background-type":"","background-media":"","overlay-type":"","overlay-color":"","overlay-opacity":"","overlay-gradient":""},"mobile":{"background-color":"var(--ast-global-color-5)","background-image":"","background-repeat":"repeat","background-position":"center center","background-size":"auto","background-attachment":"scroll","background-type":"","background-media":"","overlay-type":"","overlay-color":"","overlay-opacity":"","overlay-gradient":""}},"footnotes":""},"class_list":["post-544","page","type-page","status-publish","hentry"],"acf":[],"yoast_head":"<!-- This site is optimized with the Yoast SEO plugin v27.6 - https:\/\/yoast.com\/product\/yoast-seo-wordpress\/ -->\n<title>Les mentions L\u00e9gales L&amp;L Promotion<\/title>\n<meta name=\"description\" content=\"Mentions l\u00e9gales de L&amp;L Promotion. Avec de nombreuses ann\u00e9es d&#039;exp\u00e9rience dans l&#039;immobilier, L&amp;L Promotion est un promoteur \u00e0 Sallanches.\" \/>\n<meta name=\"robots\" content=\"index, follow, max-snippet:-1, max-image-preview:large, max-video-preview:-1\" \/>\n<link rel=\"canonical\" href=\"https:\/\/www.l-lpromotion.com\/fr\/ll-promotion-mentions\/\" \/>\n<meta property=\"og:locale\" content=\"fr_FR\" \/>\n<meta property=\"og:type\" content=\"article\" \/>\n<meta property=\"og:title\" content=\"Les mentions L\u00e9gales L&amp;L Promotion\" \/>\n<meta property=\"og:description\" content=\"Mentions l\u00e9gales de L&amp;L Promotion. Avec de nombreuses ann\u00e9es d&#039;exp\u00e9rience dans l&#039;immobilier, L&amp;L Promotion est un promoteur \u00e0 Sallanches.\" \/>\n<meta property=\"og:url\" content=\"https:\/\/www.l-lpromotion.com\/fr\/ll-promotion-mentions\/\" \/>\n<meta property=\"og:site_name\" content=\"L&amp;L Promotion\" \/>\n<meta property=\"article:publisher\" content=\"https:\/\/www.facebook.com\/profile.php?id=100038111032977\" \/>\n<meta property=\"article:modified_time\" content=\"2024-03-27T16:05:11+00:00\" \/>\n<meta property=\"og:image\" content=\"https:\/\/www.l-lpromotion.com\/wp-content\/uploads\/2023\/08\/logo-LL.jpg\" \/>\n\t<meta property=\"og:image:width\" content=\"1469\" \/>\n\t<meta property=\"og:image:height\" content=\"1469\" \/>\n\t<meta property=\"og:image:type\" content=\"image\/jpeg\" \/>\n<meta name=\"twitter:card\" content=\"summary_large_image\" \/>\n<meta name=\"twitter:label1\" content=\"Dur\u00e9e de lecture estim\u00e9e\" \/>\n\t<meta name=\"twitter:data1\" content=\"4 minutes\" \/>\n<script type=\"application\/ld+json\" class=\"yoast-schema-graph\">{\"@context\":\"https:\\\/\\\/schema.org\",\"@graph\":[{\"@type\":\"WebPage\",\"@id\":\"https:\\\/\\\/www.l-lpromotion.com\\\/fr\\\/ll-promotion-mentions\\\/\",\"url\":\"https:\\\/\\\/www.l-lpromotion.com\\\/fr\\\/ll-promotion-mentions\\\/\",\"name\":\"Les mentions L\u00e9gales L&L Promotion\",\"isPartOf\":{\"@id\":\"https:\\\/\\\/www.l-lpromotion.com\\\/fr\\\/#website\"},\"datePublished\":\"2023-08-09T10:11:28+00:00\",\"dateModified\":\"2024-03-27T16:05:11+00:00\",\"description\":\"Mentions l\u00e9gales de L&L Promotion. Avec de nombreuses ann\u00e9es d'exp\u00e9rience dans l'immobilier, L&L Promotion est un promoteur \u00e0 Sallanches.\",\"breadcrumb\":{\"@id\":\"https:\\\/\\\/www.l-lpromotion.com\\\/fr\\\/ll-promotion-mentions\\\/#breadcrumb\"},\"inLanguage\":\"fr-FR\",\"potentialAction\":[{\"@type\":\"ReadAction\",\"target\":[\"https:\\\/\\\/www.l-lpromotion.com\\\/fr\\\/ll-promotion-mentions\\\/\"]}]},{\"@type\":\"BreadcrumbList\",\"@id\":\"https:\\\/\\\/www.l-lpromotion.com\\\/fr\\\/ll-promotion-mentions\\\/#breadcrumb\",\"itemListElement\":[{\"@type\":\"ListItem\",\"position\":1,\"name\":\"Accueil\",\"item\":\"https:\\\/\\\/www.l-lpromotion.com\\\/fr\\\/\"},{\"@type\":\"ListItem\",\"position\":2,\"name\":\"Mentions l\u00e9gales\"}]},{\"@type\":\"WebSite\",\"@id\":\"https:\\\/\\\/www.l-lpromotion.com\\\/fr\\\/#website\",\"url\":\"https:\\\/\\\/www.l-lpromotion.com\\\/fr\\\/\",\"name\":\"L et L Promotion\",\"description\":\"Construire avec Passion\",\"publisher\":{\"@id\":\"https:\\\/\\\/www.l-lpromotion.com\\\/fr\\\/#organization\"},\"potentialAction\":[{\"@type\":\"SearchAction\",\"target\":{\"@type\":\"EntryPoint\",\"urlTemplate\":\"https:\\\/\\\/www.l-lpromotion.com\\\/fr\\\/?s={search_term_string}\"},\"query-input\":{\"@type\":\"PropertyValueSpecification\",\"valueRequired\":true,\"valueName\":\"search_term_string\"}}],\"inLanguage\":\"fr-FR\"},{\"@type\":\"Organization\",\"@id\":\"https:\\\/\\\/www.l-lpromotion.com\\\/fr\\\/#organization\",\"name\":\"L et L Promotion\",\"url\":\"https:\\\/\\\/www.l-lpromotion.com\\\/fr\\\/\",\"logo\":{\"@type\":\"ImageObject\",\"inLanguage\":\"fr-FR\",\"@id\":\"https:\\\/\\\/www.l-lpromotion.com\\\/fr\\\/#\\\/schema\\\/logo\\\/image\\\/\",\"url\":\"https:\\\/\\\/www.l-lpromotion.com\\\/wp-content\\\/uploads\\\/2023\\\/07\\\/cropped-telechargement-4.jpg\",\"contentUrl\":\"https:\\\/\\\/www.l-lpromotion.com\\\/wp-content\\\/uploads\\\/2023\\\/07\\\/cropped-telechargement-4.jpg\",\"width\":512,\"height\":512,\"caption\":\"L et L Promotion\"},\"image\":{\"@id\":\"https:\\\/\\\/www.l-lpromotion.com\\\/fr\\\/#\\\/schema\\\/logo\\\/image\\\/\"},\"sameAs\":[\"https:\\\/\\\/www.facebook.com\\\/profile.php?id=100038111032977\"]}]}<\/script>\n<!-- \/ Yoast SEO plugin. -->","yoast_head_json":{"title":"Les mentions L\u00e9gales L&L Promotion","description":"Mentions l\u00e9gales de L&L Promotion. Avec de nombreuses ann\u00e9es d'exp\u00e9rience dans l'immobilier, L&L Promotion est un promoteur \u00e0 Sallanches.","robots":{"index":"index","follow":"follow","max-snippet":"max-snippet:-1","max-image-preview":"max-image-preview:large","max-video-preview":"max-video-preview:-1"},"canonical":"https:\/\/www.l-lpromotion.com\/fr\/ll-promotion-mentions\/","og_locale":"fr_FR","og_type":"article","og_title":"Les mentions L\u00e9gales L&L Promotion","og_description":"Mentions l\u00e9gales de L&L Promotion. Avec de nombreuses ann\u00e9es d'exp\u00e9rience dans l'immobilier, L&L Promotion est un promoteur \u00e0 Sallanches.","og_url":"https:\/\/www.l-lpromotion.com\/fr\/ll-promotion-mentions\/","og_site_name":"L&amp;L Promotion","article_publisher":"https:\/\/www.facebook.com\/profile.php?id=100038111032977","article_modified_time":"2024-03-27T16:05:11+00:00","og_image":[{"width":1469,"height":1469,"url":"https:\/\/www.l-lpromotion.com\/wp-content\/uploads\/2023\/08\/logo-LL.jpg","type":"image\/jpeg"}],"twitter_card":"summary_large_image","twitter_misc":{"Dur\u00e9e de lecture estim\u00e9e":"4 minutes"},"schema":{"@context":"https:\/\/schema.org","@graph":[{"@type":"WebPage","@id":"https:\/\/www.l-lpromotion.com\/fr\/ll-promotion-mentions\/","url":"https:\/\/www.l-lpromotion.com\/fr\/ll-promotion-mentions\/","name":"Les mentions L\u00e9gales L&L Promotion","isPartOf":{"@id":"https:\/\/www.l-lpromotion.com\/fr\/#website"},"datePublished":"2023-08-09T10:11:28+00:00","dateModified":"2024-03-27T16:05:11+00:00","description":"Mentions l\u00e9gales de L&L Promotion. Avec de nombreuses ann\u00e9es d'exp\u00e9rience dans l'immobilier, L&L Promotion est un promoteur \u00e0 Sallanches.","breadcrumb":{"@id":"https:\/\/www.l-lpromotion.com\/fr\/ll-promotion-mentions\/#breadcrumb"},"inLanguage":"fr-FR","potentialAction":[{"@type":"ReadAction","target":["https:\/\/www.l-lpromotion.com\/fr\/ll-promotion-mentions\/"]}]},{"@type":"BreadcrumbList","@id":"https:\/\/www.l-lpromotion.com\/fr\/ll-promotion-mentions\/#breadcrumb","itemListElement":[{"@type":"ListItem","position":1,"name":"Accueil","item":"https:\/\/www.l-lpromotion.com\/fr\/"},{"@type":"ListItem","position":2,"name":"Mentions l\u00e9gales"}]},{"@type":"WebSite","@id":"https:\/\/www.l-lpromotion.com\/fr\/#website","url":"https:\/\/www.l-lpromotion.com\/fr\/","name":"L et L Promotion","description":"Construire avec Passion","publisher":{"@id":"https:\/\/www.l-lpromotion.com\/fr\/#organization"},"potentialAction":[{"@type":"SearchAction","target":{"@type":"EntryPoint","urlTemplate":"https:\/\/www.l-lpromotion.com\/fr\/?s={search_term_string}"},"query-input":{"@type":"PropertyValueSpecification","valueRequired":true,"valueName":"search_term_string"}}],"inLanguage":"fr-FR"},{"@type":"Organization","@id":"https:\/\/www.l-lpromotion.com\/fr\/#organization","name":"L et L Promotion","url":"https:\/\/www.l-lpromotion.com\/fr\/","logo":{"@type":"ImageObject","inLanguage":"fr-FR","@id":"https:\/\/www.l-lpromotion.com\/fr\/#\/schema\/logo\/image\/","url":"https:\/\/www.l-lpromotion.com\/wp-content\/uploads\/2023\/07\/cropped-telechargement-4.jpg","contentUrl":"https:\/\/www.l-lpromotion.com\/wp-content\/uploads\/2023\/07\/cropped-telechargement-4.jpg","width":512,"height":512,"caption":"L et L Promotion"},"image":{"@id":"https:\/\/www.l-lpromotion.com\/fr\/#\/schema\/logo\/image\/"},"sameAs":["https:\/\/www.facebook.com\/profile.php?id=100038111032977"]}]}},"_links":{"self":[{"href":"https:\/\/www.l-lpromotion.com\/fr\/wp-json\/wp\/v2\/pages\/544","targetHints":{"allow":["GET"]}}],"collection":[{"href":"https:\/\/www.l-lpromotion.com\/fr\/wp-json\/wp\/v2\/pages"}],"about":[{"href":"https:\/\/www.l-lpromotion.com\/fr\/wp-json\/wp\/v2\/types\/page"}],"author":[{"embeddable":true,"href":"https:\/\/www.l-lpromotion.com\/fr\/wp-json\/wp\/v2\/users\/5"}],"replies":[{"embeddable":true,"href":"https:\/\/www.l-lpromotion.com\/fr\/wp-json\/wp\/v2\/comments?post=544"}],"version-history":[{"count":26,"href":"https:\/\/www.l-lpromotion.com\/fr\/wp-json\/wp\/v2\/pages\/544\/revisions"}],"predecessor-version":[{"id":49186,"href":"https:\/\/www.l-lpromotion.com\/fr\/wp-json\/wp\/v2\/pages\/544\/revisions\/49186"}],"wp:attachment":[{"href":"https:\/\/www.l-lpromotion.com\/fr\/wp-json\/wp\/v2\/media?parent=544"}],"curies":[{"name":"wp","href":"https:\/\/api.w.org\/{rel}","templated":true}]}}